{"id":807,"date":"2018-08-29T18:39:42","date_gmt":"2018-08-29T21:39:42","guid":{"rendered":"https:\/\/isfd105-bue.infd.edu.ar\/sitio\/tecnicatura-superior-en-economia-social\/"},"modified":"2022-12-27T16:08:11","modified_gmt":"2022-12-27T19:08:11","slug":"tecnicatura-superior-en-trabajo-social","status":"publish","type":"page","link":"https:\/\/isfd105-bue.infd.edu.ar\/sitio\/tecnicatura-superior-en-trabajo-social\/","title":{"rendered":"Tecnicatura Superior en Trabajo Social"},"content":{"rendered":"<h1 style=\"text-align: center;\"><span style=\"color: #ff6600;\">Tecnicatura Superior en Trabajo Social<\/span><\/h1>\n<ul>\n<li style=\"text-align: center;\"><span style=\"color: #993300;\">CARRERA ESTATAL GRATUITA DE NIVEL TERCIARIO.<\/span><\/li>\n<li style=\"text-align: center;\"><span style=\"color: #993300;\">Duraci\u00f3n: 4 a\u00f1os.<\/span><\/li>\n<li style=\"text-align: center;\"><span style=\"color: #993300;\">Clases en turno vespertino.<\/span><\/li>\n<li style=\"text-align: center;\"><span style=\"color: #993300;\">Para acceder al dise\u00f1o curricular hacer clic <a href=\"https:\/\/isfd105-bue.infd.edu.ar\/sitio\/wp-content\/uploads\/2022\/12\/trabajosocialres1666-06.pdf\" target=\"_blank\" rel=\"noopener\">aqu\u00ed<\/a>.<\/span><\/li>\n<\/ul>\n\n\n<p><\/p>\n","protected":false},"excerpt":{"rendered":"<p>Tecnicatura Superior en Trabajo Social CARRERA ESTATAL GRATUITA DE NIVEL TERCIARIO. Duraci\u00f3n: 4 a\u00f1os. Clases en turno vespertino. Para acceder al dise\u00f1o curricular hacer clic aqu\u00ed.<\/p>\n","protected":false},"author":1389,"featured_media":0,"parent":0,"menu_order":0,"comment_status":"closed","ping_status":"closed","template":"","meta":[],"acf":[],"_links":{"self":[{"href":"https:\/\/isfd105-bue.infd.edu.ar\/sitio\/wp-json\/wp\/v2\/pages\/807"}],"collection":[{"href":"https:\/\/isfd105-bue.infd.edu.ar\/sitio\/wp-json\/wp\/v2\/pages"}],"about":[{"href":"https:\/\/isfd105-bue.infd.edu.ar\/sitio\/wp-json\/wp\/v2\/types\/page"}],"author":[{"embeddable":true,"href":"https:\/\/isfd105-bue.infd.edu.ar\/sitio\/wp-json\/wp\/v2\/users\/1389"}],"replies":[{"embeddable":true,"href":"https:\/\/isfd105-bue.infd.edu.ar\/sitio\/wp-json\/wp\/v2\/comments?post=807"}],"version-history":[{"count":3,"href":"https:\/\/isfd105-bue.infd.edu.ar\/sitio\/wp-json\/wp\/v2\/pages\/807\/revisions"}],"predecessor-version":[{"id":1310,"href":"https:\/\/isfd105-bue.infd.edu.ar\/sitio\/wp-json\/wp\/v2\/pages\/807\/revisions\/1310"}],"wp:attachment":[{"href":"https:\/\/isfd105-bue.infd.edu.ar\/sitio\/wp-json\/wp\/v2\/media?parent=807"}],"curies":[{"name":"wp","href":"https:\/\/api.w.org\/{rel}","templated":true}]}}