{"id":1297,"date":"2022-08-25T17:41:49","date_gmt":"2022-08-25T20:41:49","guid":{"rendered":"https:\/\/isfd105-bue.infd.edu.ar\/sitio\/?page_id=1297"},"modified":"2026-04-14T12:05:13","modified_gmt":"2026-04-14T15:05:13","slug":"cobertura-catedras","status":"publish","type":"page","link":"https:\/\/isfd105-bue.infd.edu.ar\/sitio\/cobertura-catedras\/","title":{"rendered":"Indicaciones para cobertura de c\u00e1tedra de Nivel Superior en nuestro Instituto."},"content":{"rendered":"\n<p>Deber\u00e1 seguir de forma precisa las indicaciones del comunicado correspondiente publicado por la Secretar\u00eda de Asuntos Docentes del distrito de La Matanza.<\/p>\n\n\n\n<p>Podr\u00e1 realizar fotocopias o comprar elementos de librer\u00eda en nuestro Instituto.<\/p>\n\n\n\n<p>Deber\u00e1 acercar <strong>toda la documentaci\u00f3n<\/strong> que considere necesaria de ser presentada ante la comisi\u00f3n evaluadora, en original y copia, <strong>sin excepci\u00f3n<\/strong>. La misma ser\u00e1 visada por el personal a cargo.<\/p>\n\n\n\n<h4 class=\"wp-block-heading\">Formularios 1 y 2 de la Resoluci\u00f3n N\u00b0 6179\/25.<\/h4>\n\n\n\n<p>Para acceder a la Resoluci\u00f3n N\u00b06179\/25 completa hacer clic <a href=\"https:\/\/isfd105-bue.infd.edu.ar\/sitio\/wp-content\/uploads\/2026\/04\/RESOC-2025-6179-GDEBA-DGCYE.pdf\" target=\"_blank\" rel=\"noreferrer noopener\">aqu\u00ed<\/a>. Para la versi\u00f3n de anexos editables en formato Word hacer clic <a href=\"https:\/\/drive.google.com\/drive\/folders\/1Tcw10tleL4uLfritnUQmMGQ6MdbythhZ?usp=sharing.\">aqu\u00ed<\/a>.<\/p>\n\n\n\n<p>Deber\u00e1 incluir n\u00famero de celular y correo electr\u00f3nico ABC (para ver las indicaciones de c\u00f3mo registrar su cuenta ABC haga clic <a rel=\"noreferrer noopener\" href=\"https:\/\/www.youtube.com\/watch?v=Q0zOjkb_HIA\" data-type=\"URL\" data-id=\"https:\/\/www.youtube.com\/watch?v=Q0zOjkb_HIA\" target=\"_blank\">aqu\u00ed<\/a>).<\/p>\n\n\n\n<p>En caso de desconocer si Ud est\u00e1 inscripto\/a en el <strong>Listado 108 A<\/strong> puede verificarlo con su n\u00famero de DNI <a rel=\"noreferrer noopener\" href=\"http:\/\/servicios.abc.gov.ar\/servaddo\/listado.oficial\/?s=s108a\" data-type=\"URL\" data-id=\"http:\/\/servicios.abc.gov.ar\/servaddo\/listado.oficial\/?s=s108a\" target=\"_blank\">aqu\u00ed<\/a>.<\/p>\n\n\n\n<p>En caso de desconocer si Ud est\u00e1 inscripto\/a en el<strong> Listado 108 B<\/strong> puede verificarlo con su n\u00famero de DNI <a rel=\"noreferrer noopener\" href=\"http:\/\/servicios.abc.gov.ar\/servaddo\/listado.oficial\/?s=s108b\" data-type=\"URL\" data-id=\"http:\/\/servicios.abc.gov.ar\/servaddo\/listado.oficial\/?s=s108b\" target=\"_blank\">aqu\u00ed<\/a>.<\/p>\n\n\n\n<h4 class=\"wp-block-heading\">C\u00f3mo digitalizar la documentaci\u00f3n.<\/h4>\n\n\n\n<figure class=\"wp-block-embed aligncenter is-type-rich is-provider-gestor-del-servicio wp-block-embed-gestor-del-servicio\"><div class=\"wp-block-embed__wrapper\">\n<iframe loading=\"lazy\" title=\"Como digitalizar la documentaci\u00f3n\" width=\"1200\" height=\"675\" src=\"https:\/\/www.youtube.com\/embed\/UxMQYPoSObI?feature=oembed\" frameborder=\"0\" allow=\"accelerometer; autoplay; clipboard-write; encrypted-media; gyroscope; picture-in-picture; web-share\" referrerpolicy=\"strict-origin-when-cross-origin\" allowfullscreen><\/iframe>\n<\/div><\/figure>\n\n\n\n<h4 class=\"wp-block-heading\">C\u00f3mo unir la documentaci\u00f3n en un mismo PDF.<\/h4>\n\n\n\n<figure class=\"wp-block-embed aligncenter is-type-video is-provider-youtube wp-block-embed-youtube wp-embed-aspect-16-9 wp-has-aspect-ratio\"><div class=\"wp-block-embed__wrapper\">\n<iframe loading=\"lazy\" title=\"Unir Archivos PDF con la Herramienta I LOVE PDF\" width=\"1200\" height=\"675\" src=\"https:\/\/www.youtube.com\/embed\/MpTWPzUER_w?feature=oembed\" frameborder=\"0\" allow=\"accelerometer; autoplay; clipboard-write; encrypted-media; gyroscope; picture-in-picture; web-share\" referrerpolicy=\"strict-origin-when-cross-origin\" allowfullscreen><\/iframe>\n<\/div><\/figure>\n\n\n\n<h2 class=\"wp-block-heading\">Para la confecci\u00f3n del proyecto de c\u00e1tedra.<\/h2>\n\n\n\n<p>Documentos importantes de consulta:<\/p>\n\n\n\n<ul>\n<li>Se recomienda consultar los t\u00f3picos m\u00ednimos a incluir en el proyecto de c\u00e1tedra en el Anexo 3 -Orientaciones para la elaboraci\u00f3n de la Propuesta Pedag\u00f3gica- de la Resoluci\u00f3n N\u00b0 6179\/25.<\/li>\n\n\n\n<li>Enlace con los dise\u00f1os curriculares actualizados (<a rel=\"noreferrer noopener\" href=\"https:\/\/abc.gob.ar\/secretarias\/areas\/subsecretaria-de-educacion\/educacion-superior\/dir-de-form-doc-inicial\/actualizacion-y\" data-type=\"URL\" data-id=\"https:\/\/abc.gob.ar\/secretarias\/areas\/subsecretaria-de-educacion\/educacion-superior\/dir-de-form-doc-inicial\/actualizacion-y\" target=\"_blank\">aqu\u00ed<\/a>).<\/li>\n<\/ul>\n\n\n\n<hr class=\"wp-block-separator has-alpha-channel-opacity\"\/>\n\n\n\n<p class=\"has-large-font-size\"><strong>Formulario de consultas<\/strong>.<\/p>\n\n\n\n<div class=\"wp-block-contact-form-7-contact-form-selector\">\n<div class=\"wpcf7 no-js\" id=\"wpcf7-f767-o1\" lang=\"es-ES\" dir=\"ltr\">\n<div class=\"screen-reader-response\"><p role=\"status\" aria-live=\"polite\" aria-atomic=\"true\"><\/p> <ul><\/ul><\/div>\n<form action=\"\/sitio\/wp-json\/wp\/v2\/pages\/1297#wpcf7-f767-o1\" method=\"post\" class=\"wpcf7-form init\" aria-label=\"Formulario de contacto\" novalidate=\"novalidate\" data-status=\"init\">\n<div style=\"display: none;\">\n<input type=\"hidden\" name=\"_wpcf7\" value=\"767\" \/>\n<input type=\"hidden\" name=\"_wpcf7_version\" value=\"5.7.7\" \/>\n<input type=\"hidden\" name=\"_wpcf7_locale\" value=\"es_ES\" \/>\n<input type=\"hidden\" name=\"_wpcf7_unit_tag\" value=\"wpcf7-f767-o1\" \/>\n<input type=\"hidden\" name=\"_wpcf7_container_post\" value=\"0\" \/>\n<input type=\"hidden\" name=\"_wpcf7_posted_data_hash\" value=\"\" \/>\n<input type=\"hidden\" name=\"_wpcf7_recaptcha_response\" value=\"\" \/>\n<\/div>\n<p><label><b>*Apellido y Nombre<\/b><\/label><br \/>\n<span class=\"wpcf7-form-control-wrap\" data-name=\"ApellidoyNombre\"><input size=\"40\" class=\"wpcf7-form-control wpcf7-text wpcf7-validates-as-required\" aria-required=\"true\" aria-invalid=\"false\" value=\"\" type=\"text\" name=\"ApellidoyNombre\" \/><\/span>\n<\/p>\n<p><label><b>*Correo electr\u00f3nico<\/b><\/label><br \/>\n<span class=\"wpcf7-form-control-wrap\" data-name=\"Correoelectrnico\"><input size=\"40\" class=\"wpcf7-form-control wpcf7-text wpcf7-email wpcf7-validates-as-required wpcf7-validates-as-email\" aria-required=\"true\" aria-invalid=\"false\" value=\"\" type=\"email\" name=\"Correoelectrnico\" \/><\/span>\n<\/p>\n<p><label><b>*N\u00famero de comunicado de SAD por el que hace la consulta<\/b><\/label><br \/>\n<span class=\"wpcf7-form-control-wrap\" data-name=\"comunicado\"><input size=\"40\" class=\"wpcf7-form-control wpcf7-text wpcf7-validates-as-required\" aria-required=\"true\" aria-invalid=\"false\" value=\"\" type=\"text\" name=\"comunicado\" \/><\/span>\n<\/p>\n<p><label><b>*Carrera\/s por la\/s que hace la consulta<\/b><\/label><br \/>\n<span class=\"wpcf7-form-control-wrap\" data-name=\"Carreraalaquesepostula\"><span class=\"wpcf7-form-control wpcf7-checkbox wpcf7-validates-as-required\"><span class=\"wpcf7-list-item first\"><label><input type=\"checkbox\" name=\"Carreraalaquesepostula[]\" value=\"Profesorado de Educaci\u00f3n Inicial\" \/><span class=\"wpcf7-list-item-label\">Profesorado de Educaci\u00f3n Inicial<\/span><\/label><\/span><span class=\"wpcf7-list-item\"><label><input type=\"checkbox\" name=\"Carreraalaquesepostula[]\" value=\"Profesorado de Educaci\u00f3n Primaria\" \/><span class=\"wpcf7-list-item-label\">Profesorado de Educaci\u00f3n Primaria<\/span><\/label><\/span><span class=\"wpcf7-list-item\"><label><input type=\"checkbox\" name=\"Carreraalaquesepostula[]\" value=\"Profesorado de Educaci\u00f3n Especial\" \/><span class=\"wpcf7-list-item-label\">Profesorado de Educaci\u00f3n Especial<\/span><\/label><\/span><span class=\"wpcf7-list-item\"><label><input type=\"checkbox\" name=\"Carreraalaquesepostula[]\" value=\"Tecnicatura en Comunicaci\u00f3n Social\" \/><span class=\"wpcf7-list-item-label\">Tecnicatura en Comunicaci\u00f3n Social<\/span><\/label><\/span><span class=\"wpcf7-list-item\"><label><input type=\"checkbox\" name=\"Carreraalaquesepostula[]\" value=\"Tecnicatura en Trabajo Social\" \/><span class=\"wpcf7-list-item-label\">Tecnicatura en Trabajo Social<\/span><\/label><\/span><span class=\"wpcf7-list-item last\"><label><input type=\"checkbox\" name=\"Carreraalaquesepostula[]\" value=\"Tecnicatura en Traducci\u00f3n e Interpretaci\u00f3n LSA\" \/><span class=\"wpcf7-list-item-label\">Tecnicatura en Traducci\u00f3n e Interpretaci\u00f3n LSA<\/span><\/label><\/span><\/span><\/span>\n<\/p>\n<p><label><b>*Materia\/s por las que hace la consulta<\/b><\/label><br \/>\n<span class=\"wpcf7-form-control-wrap\" data-name=\"Materia\"><input size=\"40\" class=\"wpcf7-form-control wpcf7-text wpcf7-validates-as-required\" aria-required=\"true\" aria-invalid=\"false\" value=\"\" type=\"text\" name=\"Materia\" \/><\/span>\n<\/p>\n<p><label><b>*Consulta<\/b><\/label><br \/>\n<span class=\"wpcf7-form-control-wrap\" data-name=\"Consulta\"><textarea cols=\"40\" rows=\"10\" class=\"wpcf7-form-control wpcf7-textarea wpcf7-validates-as-required\" aria-required=\"true\" aria-invalid=\"false\" name=\"Consulta\"><\/textarea><\/span>\n<\/p>\n<p>(*) Los campos son obligatorios.\n<\/p>\n<p><input class=\"wpcf7-form-control has-spinner wpcf7-submit\" type=\"submit\" value=\"Enviar\" \/>\n<\/p><p style=\"display: none !important;\"><label>&#916;<textarea name=\"_wpcf7_ak_hp_textarea\" cols=\"45\" rows=\"8\" maxlength=\"100\"><\/textarea><\/label><input type=\"hidden\" id=\"ak_js_1\" name=\"_wpcf7_ak_js\" value=\"247\"\/><script>document.getElementById( \"ak_js_1\" ).setAttribute( \"value\", ( new Date() ).getTime() );<\/script><\/p><div class=\"wpcf7-response-output\" aria-hidden=\"true\"><\/div>\n<\/form>\n<\/div>\n<\/div>\n","protected":false},"excerpt":{"rendered":"<p>Deber\u00e1 seguir de forma precisa las indicaciones del comunicado correspondiente publicado por la Secretar\u00eda de Asuntos Docentes del distrito de La Matanza. Podr\u00e1 realizar fotocopias o comprar elementos de librer\u00eda en nuestro Instituto. Deber\u00e1 acercar toda la documentaci\u00f3n que considere necesaria de ser presentada ante la comisi\u00f3n evaluadora, en original y copia, sin excepci\u00f3n. La &#8230; <a title=\"Indicaciones para cobertura de c\u00e1tedra de Nivel Superior en nuestro Instituto.\" class=\"read-more\" href=\"https:\/\/isfd105-bue.infd.edu.ar\/sitio\/cobertura-catedras\/\" aria-label=\"More on Indicaciones para cobertura de c\u00e1tedra de Nivel Superior en nuestro Instituto.\">[+]<\/a><\/p>\n","protected":false},"author":1314,"featured_media":0,"parent":0,"menu_order":0,"comment_status":"closed","ping_status":"closed","template":"","meta":[],"acf":[],"_links":{"self":[{"href":"https:\/\/isfd105-bue.infd.edu.ar\/sitio\/wp-json\/wp\/v2\/pages\/1297"}],"collection":[{"href":"https:\/\/isfd105-bue.infd.edu.ar\/sitio\/wp-json\/wp\/v2\/pages"}],"about":[{"href":"https:\/\/isfd105-bue.infd.edu.ar\/sitio\/wp-json\/wp\/v2\/types\/page"}],"author":[{"embeddable":true,"href":"https:\/\/isfd105-bue.infd.edu.ar\/sitio\/wp-json\/wp\/v2\/users\/1314"}],"replies":[{"embeddable":true,"href":"https:\/\/isfd105-bue.infd.edu.ar\/sitio\/wp-json\/wp\/v2\/comments?post=1297"}],"version-history":[{"count":34,"href":"https:\/\/isfd105-bue.infd.edu.ar\/sitio\/wp-json\/wp\/v2\/pages\/1297\/revisions"}],"predecessor-version":[{"id":1564,"href":"https:\/\/isfd105-bue.infd.edu.ar\/sitio\/wp-json\/wp\/v2\/pages\/1297\/revisions\/1564"}],"wp:attachment":[{"href":"https:\/\/isfd105-bue.infd.edu.ar\/sitio\/wp-json\/wp\/v2\/media?parent=1297"}],"curies":[{"name":"wp","href":"https:\/\/api.w.org\/{rel}","templated":true}]}}